{"id":107,"date":"2014-01-16T22:41:30","date_gmt":"2014-01-16T21:41:30","guid":{"rendered":"http:\/\/kkk-info.de\/wordpress\/?page_id=107"},"modified":"2014-01-16T22:41:30","modified_gmt":"2014-01-16T21:41:30","slug":"gaestebuch","status":"publish","type":"page","link":"https:\/\/kkk-info.de\/?page_id=107","title":{"rendered":"G\u00e4stebuch"},"content":{"rendered":"<p><em><div class=\"gwolle-gb\"><div class=\"gwolle_gb_messages_top_container\"><\/div>\n\t\t\t<div class=\"gwolle-gb-write-button\">\n\t\t\t\t<input type=\"button\" name=\"gwolle-gb-write-button\" class=\"button btn btn-default \" value=\"Neuen Eintrag schreiben\" \/>\n\t\t\t<\/div>\n\t\t\t<form action=\"#\" method=\"POST\" class=\"gwolle-gb-write gwolle-gb-hide gwolle-gb-float gwolle_gb_form_ajax gwolle-gb-form-ajax gwolle-gb-ajax\">\n\t\t\t\t<h3><\/h3>\n\t\t\t\t<button type=\"button\" class=\"gb-notice-dismiss\">x<span class=\"screen-reader-text\">Dieses Formular ausblenden<\/span><\/button>\n\t\t\t\n\t\t\t\t<input type=\"hidden\" name=\"gwolle_gb_function\" class=\"gwolle_gb_function\" value=\"add_entry\" \/><input type=\"hidden\" name=\"gwolle_gb_book_id\" class=\"gwolle_gb_book_id\" value=\"1\" \/><div class=\"gwolle_gb_f1cde714b74e24027ae8ce5396714002\">\n\t\t\t\t<div class=\"label\"><label for=\"gwolle_gb_f1cde714b74e24027ae8ce5396714002\" class=\"text-info\">Name *<\/label><\/div>\n\t\t\t\t<div class=\"input\"><input class=\"wp-exclude-emoji gwolle_gb_f1cde714b74e24027ae8ce5396714002\" value=\"\" type=\"text\" name=\"gwolle_gb_f1cde714b74e24027ae8ce5396714002\" required \/><\/div>\n\t\t\t\t<div class=\"clearBoth\">&nbsp;<\/div>\n\t\t\t<\/div><div class=\"gwolle_gb_b1a1d10198397408aab37c57881666df\">\n\t\t\t\t\t<div class=\"label\"><label for=\"gwolle_gb_b1a1d10198397408aab37c57881666df\" class=\"text-info\">Ort<\/label><\/div>\n\t\t\t\t\t<div class=\"input\"><input class=\"wp-exclude-emoji gwolle_gb_b1a1d10198397408aab37c57881666df\" value=\"\" type=\"text\" name=\"gwolle_gb_b1a1d10198397408aab37c57881666df\" \/><\/div>\n\t\t\t\t\t<div class=\"clearBoth\">&nbsp;<\/div>\n\t\t\t\t<\/div><div class=\"gwolle_gb_b3b367822af376db38f94a8946d30cbe\">\n\t\t\t\t<div class=\"label\"><label for=\"gwolle_gb_b3b367822af376db38f94a8946d30cbe\" class=\"text-info\">E-Mail *<\/label><\/div>\n\t\t\t\t<div class=\"input\"><input class=\"gwolle_gb_b3b367822af376db38f94a8946d30cbe\" value=\"\" type=\"text\" name=\"gwolle_gb_b3b367822af376db38f94a8946d30cbe\" required \/><\/div>\n\t\t\t\t<div class=\"clearBoth\">&nbsp;<\/div>\n\t\t\t<\/div><div class=\"gwolle_gb_999722c5157b441fdb15c12fe3de3b74\">\n\t\t\t\t<div class=\"label\"><label for=\"gwolle_gb_999722c5157b441fdb15c12fe3de3b74\" class=\"text-info\">Website<\/label><\/div>\n\t\t\t\t<div class=\"input\"><input class=\"gwolle_gb_999722c5157b441fdb15c12fe3de3b74\" value=\"\" type=\"text\" name=\"gwolle_gb_999722c5157b441fdb15c12fe3de3b74\" \/><\/div>\n\t\t\t\t<div class=\"clearBoth\">&nbsp;<\/div>\n\t\t\t<\/div>\n\t\t\t<div class=\"gwolle_gb_14cc4d3859d6f4d48e582ec3a5aa9359\" style=\"display:none;\">\n\t\t\t\t<div class=\"label\">\n\t\t\t\t\t<label for=\"gwolle_gb_14cc4d3859d6f4d48e582ec3a5aa9359\" class=\"text-primary\">Hier nichts eingeben<\/label>\n\t\t\t\t\t<label for=\"gwolle_gb_7bfc03cf4dfbad6e7f71db2fba031d14\" class=\"text-primary\">Hier nichts eingeben<\/label>\n\t\t\t\t<\/div>\n\t\t\t\t<div class=\"input\">\n\t\t\t\t\t<input value=\"92\" type=\"text\" name=\"gwolle_gb_14cc4d3859d6f4d48e582ec3a5aa9359\" class=\"gwolle_gb_14cc4d3859d6f4d48e582ec3a5aa9359\" \/>\n\t\t\t\t\t<input value=\"\" type=\"text\" name=\"gwolle_gb_7bfc03cf4dfbad6e7f71db2fba031d14\" class=\"gwolle_gb_7bfc03cf4dfbad6e7f71db2fba031d14\" \/>\n\t\t\t\t<\/div>\n\t\t\t\t<div class=\"clearBoth\"><\/div>\n\t\t\t<\/div>\n\t\t\t<div class=\"gwolle_gb_0b3afa08c4b45ccb9098adf48c3b0660\" style=\"display:none;\">\n\t\t\t\t<div class=\"label\">\n\t\t\t\t\t<label for=\"gwolle_gb_0b3afa08c4b45ccb9098adf48c3b0660\" class=\"text-primary\">Hier nichts eingeben<\/label>\n\t\t\t\t\t<label for=\"gwolle_gb_6b635bccf26ac7f720b2bbb816732a35\" class=\"text-primary\">Hier nichts eingeben<\/label>\n\t\t\t\t<\/div>\n\t\t\t\t<div class=\"input\">\n\t\t\t\t\t<input value=\"57269\" type=\"text\" name=\"gwolle_gb_0b3afa08c4b45ccb9098adf48c3b0660\" class=\"gwolle_gb_0b3afa08c4b45ccb9098adf48c3b0660\" \/>\n\t\t\t\t\t<input value=\"57269\" type=\"text\" name=\"gwolle_gb_6b635bccf26ac7f720b2bbb816732a35\" class=\"gwolle_gb_6b635bccf26ac7f720b2bbb816732a35\" \/>\n\t\t\t\t<\/div>\n\t\t\t\t<div class=\"clearBoth\"><\/div>\n\t\t\t<\/div><div class=\"gwolle_gb_content\">\n\t\t\t\t<div class=\"label\"><label for=\"gwolle_gb_content\" class=\"text-info\">G\u00e4stebucheintrag *<\/label><\/div>\n\t\t\t\t<div class=\"input\"><textarea name=\"gwolle_gb_content\" class=\"gwolle_gb_content wp-exclude-emoji\" required ><\/textarea><\/div>\n\t\t\t\t\t<div class=\"clearBoth\">&nbsp;<\/div>\n\t\t\t\t<\/div><input type=\"hidden\" class=\"gwolle_gb_07bbb28a20779a3a7779535f051c9158\" name=\"gwolle_gb_07bbb28a20779a3a7779535f051c9158\" value=\"d5422a2184\" \/>\n\t\t\t<div class=\"gwolle_gb_messages_bottom_container\"><\/div>\n\n\t\t\t<noscript><div class=\"no-js\">Warnung: Dieses Formular kann nur verwendet werden, wenn in deinem Browser JavaScript aktiviert ist.<\/div><\/noscript>\n\n\t\t\t<div class=\"gwolle_gb_submit\">\n\t\t\t\t<div class=\"label gwolle-gb-invisible text-muted\">&nbsp;<\/div>\n\t\t\t\t<div class=\"input\">\n\t\t\t\t\t<input type=\"submit\" name=\"gwolle_gb_submit\" class=\"gwolle_gb_submit button btn btn-primary \" value=\"Absenden\" \/>\n\t\t\t\t\t<span class=\"gwolle_gb_submit_ajax_icon\"><\/span>\n\t\t\t\n\t\t\t\t<\/div>\n\t\t\t\t<div class=\"clearBoth\">&nbsp;<\/div>\n\t\t\t<\/div>\n\n\t\t\t<div class=\"gwolle_gb_notice\">\n\t\t\t\t\n\t\t\t<\/div><\/form><div class=\"gwolle-gb-read gwolle-gb-ajax\" data-book_id=\"1\"><div id=\"gwolle-gb-total\" class=\"gwolle-gb-total\">13 Eintr\u00e4ge<\/div><!-- Gwolle-GB Entry: Default Template Loaded -->\n\t\t\t\t<div class=\"gb-entry gb-entry_259 gb-entry-count_1 gwolle_gb_uneven gwolle-gb-uneven gwolle_gb_first gwolle-gb-first\">\n\t\t\t\t\t<div class=\"gb-author-info\">\n\t\t\t\t\t\t<span class=\"gb-author-name\">Christine\n\t\t\t\t\t\t<\/span>\n\t\t\t\t\t\t<span class=\"gb-author-origin\">\n\t\t\t\t\t\t\t<span class=\"gb-author-origin-from-text\"> aus<\/span>\n\t\t\t\t\t\t\t<span class=\"gb-author-origin-text\"> Bayreuth<\/span>\n\t\t\t\t\t\t<\/span>\n\t\t\t\t\t\t<span class=\"gb-datetime\">\n\t\t\t\t\t\t\t<span class=\"gb-date\"><span class=\"gb-date-wrote-text\"> schrieb am<\/span><span class=\"gb-date-text\"> 16. Juni 2023<\/span>\n\t\t\t\t\t\t\t<\/span><span class=\"gb-time\">\n\t\t\t\t\t\t\t\t\t<span class=\"gb-time-at-text\"> um<\/span>\n\t\t\t\t\t\t\t\t\t<span class=\"gb-time-text\"> 13:55<\/span>\n\t\t\t\t\t\t\t\t<\/span>\n\t\t\t\t\t\t<\/span> \n\t\t\t\t\t<\/div>\n\t\t\t\t\t<div class=\"gb-entry-content\">Hallo aus Bayreuth, auch ich m\u00f6chte mich f\u00fcr das wundervolle, heilspendende Inventurwochenende in der Adula vom 9.-11.06. bedanken. Es hab mir so viel Heilung f\u00fcr meine Gottesbeziehung gebracht. Ich kann wider mehr Vertrauen und hoffe, dass ich das auch in meinen Alltag integrieren kann. Ich konnte leider nicht bis ganz zum Schluss bleiben. Deswegen nochmals auf diesem Weg: DANKE DANKE DANKE... seid beh\u00fctet und besch\u00fctzt\n\t\t\t\t\t<\/div>\n\t\t\t<\/div>\n\t\t\t<div class=\"gb-entry gb-entry_258 gb-entry-count_2 gwolle_gb_even gwolle-gb-even\">\n\t\t\t\t\t<div class=\"gb-author-info\">\n\t\t\t\t\t\t<span class=\"gb-author-name\">Janine\n\t\t\t\t\t\t<\/span>\n\t\t\t\t\t\t<span class=\"gb-author-origin\">\n\t\t\t\t\t\t\t<span class=\"gb-author-origin-from-text\"> aus<\/span>\n\t\t\t\t\t\t\t<span class=\"gb-author-origin-text\"> Oberstdorf<\/span>\n\t\t\t\t\t\t<\/span>\n\t\t\t\t\t\t<span class=\"gb-datetime\">\n\t\t\t\t\t\t\t<span class=\"gb-date\"><span class=\"gb-date-wrote-text\"> schrieb am<\/span><span class=\"gb-date-text\"> 13. Juni 2023<\/span>\n\t\t\t\t\t\t\t<\/span><span class=\"gb-time\">\n\t\t\t\t\t\t\t\t\t<span class=\"gb-time-at-text\"> um<\/span>\n\t\t\t\t\t\t\t\t\t<span class=\"gb-time-text\"> 6:17<\/span>\n\t\t\t\t\t\t\t\t<\/span>\n\t\t\t\t\t\t<\/span> \n\t\t\t\t\t<\/div>\n\t\t\t\t\t<div class=\"gb-entry-content\">Hallo aus der Adula Klinik,\r\n\r\nich bin nicht dazu gekommen, mich zu bedanken.\r\nHerzlichen Dank f\u00fcr die Einf\u00fchrung in das 12 Schritte Programm und das Inventur Wochenende!!!\u2600\ufe0f\r\nDas war so intensiv und wunderbar begleitet.\r\nMit tiefer Dankbarkeit\r\n\r\nJanine\n\t\t\t\t\t<\/div>\n\t\t\t\t\t<div class=\"gb-entry-admin_reply\">\n\t\t\t\t\t\t<div class=\"gb-admin_reply_uid gb-admin-reply-uid\">\n\t\t\t\t\t\t\t<em>Administrator-Antwort von: web1560<\/em>\n\t\t\t\t\t\t<\/div> \n\t\t\t\t\t\t<div class=\"gb-admin_reply_content gb-admin-reply-content\">\n\t\t\t\t\t\tHallo Janine,\r\n\r\nvielen Dank f\u00fcr Deine herzliche und positive R\u00fcckmeldung!\r\n\r\nAlles Gute f\u00fcr Deinen weiteren Lebensweg!\r\n\r\nJ o h a n n\n\t\t\t\t\t\t<\/div>\n\t\t\t\t\t<\/div>\n\t\t\t<\/div>\n\t\t\t<div class=\"gb-entry gb-entry_256 gb-entry-count_3 gwolle_gb_uneven gwolle-gb-uneven\">\n\t\t\t\t\t<div class=\"gb-author-info\">\n\t\t\t\t\t\t<span class=\"gb-author-name\"><i class=\"gb-moderator\">web1560<\/i>\n\t\t\t\t\t\t<\/span>\n\t\t\t\t\t\t<span class=\"gb-datetime\">\n\t\t\t\t\t\t\t<span class=\"gb-date\"><span class=\"gb-date-wrote-text\"> schrieb am<\/span><span class=\"gb-date-text\"> 7. September 2022<\/span>\n\t\t\t\t\t\t\t<\/span><span class=\"gb-time\">\n\t\t\t\t\t\t\t\t\t<span class=\"gb-time-at-text\"> um<\/span>\n\t\t\t\t\t\t\t\t\t<span class=\"gb-time-text\"> 16:07<\/span>\n\t\t\t\t\t\t\t\t<\/span>\n\t\t\t\t\t\t<\/span> \n\t\t\t\t\t<\/div>\n\t\t\t\t\t<div class=\"gb-entry-content\">Nachrichtentext:\r\nHallo Ihr Lieben,\r\nich zehre immer noch von dem Inventurwochenende in der Adulaklinik im Jun i diesen Jahres. Nochmals ein herzliches Dankesch\u00f6n f\u00fcr Euer Engagement!\r\nNun wollte ich mir noch mal Eure tolle Powerpointpr\u00e4sentation auf dem erworbenen Stick angucken.\r\nLeider meldet mir Powerpoint, dass Fehler in der Pr\u00e4sentation vorliegen und bietet mir an, diese zu reparieren. Willige ich ein, erscheinen f\u00fcr ca 1 Sekunde die Folien, dann aber schlie\u00dft sich Powerpoint kommentarlos. Willig eich nicht ein, erscheinen die Folien nicht.\r\nWisst Ihr da eine L\u00f6sung?\r\nAntwort gerne per Mail oder wenn einfacher telef. unter 0152 29566513\r\n\r\nLiebe Gr\u00fc\u00dfe und gute 24 Std\r\n\r\nIngolf\r\n\r\nPS: Ihr und der Klinikaufenthalt gaben mir den Mut, ein OA-Meeting in Jena zu er\u00f6ffnen Heute findet das erste Meeting statt\n\t\t\t\t\t<\/div>\n\t\t\t\t\t<div class=\"gb-entry-admin_reply\">\n\t\t\t\t\t\t<div class=\"gb-admin_reply_uid gb-admin-reply-uid\">\n\t\t\t\t\t\t\t<em>Administrator-Antwort von: web1560<\/em>\n\t\t\t\t\t\t<\/div> \n\t\t\t\t\t\t<div class=\"gb-admin_reply_content gb-admin-reply-content\">\n\t\t\t\t\t\tHallo Ingolf,\r\n\r\nzuerst einmal herzlichen Dank f\u00fcr Deine tolle R\u00fcckmeldung.\r\nVielleicht versuchst Du einfach folgendes: Einfach den Schreibschutz aufheben.\r\nVielleicht erledigt sich dann das Problem\n\t\t\t\t\t\t<\/div>\n\t\t\t\t\t<\/div>\n\t\t\t<\/div>\n\t\t\t<div class=\"gb-entry gb-entry_253 gb-entry-count_4 gwolle_gb_even gwolle-gb-even\">\n\t\t\t\t\t<div class=\"gb-author-info\">\n\t\t\t\t\t\t<span class=\"gb-author-name\">Nele\n\t\t\t\t\t\t<\/span>\n\t\t\t\t\t\t<span class=\"gb-author-origin\">\n\t\t\t\t\t\t\t<span class=\"gb-author-origin-from-text\"> aus<\/span>\n\t\t\t\t\t\t\t<span class=\"gb-author-origin-text\"> Augsburg<\/span>\n\t\t\t\t\t\t<\/span>\n\t\t\t\t\t\t<span class=\"gb-datetime\">\n\t\t\t\t\t\t\t<span class=\"gb-date\"><span class=\"gb-date-wrote-text\"> schrieb am<\/span><span class=\"gb-date-text\"> 2. Oktober 2020<\/span>\n\t\t\t\t\t\t\t<\/span><span class=\"gb-time\">\n\t\t\t\t\t\t\t\t\t<span class=\"gb-time-at-text\"> um<\/span>\n\t\t\t\t\t\t\t\t\t<span class=\"gb-time-text\"> 18:00<\/span>\n\t\t\t\t\t\t\t\t<\/span>\n\t\t\t\t\t\t<\/span> \n\t\t\t\t\t<\/div>\n\t\t\t\t\t<div class=\"gb-entry-content\">Ich habe 2013 in der Alpenblick Isny ein wunderbares Wochenende mit euch erleben d\u00fcrfen. Der Inventurmarathon hat bleibende Eindr\u00fccke hinterlassen. Auch nach 7 Jahren denke ich noch gern zur\u00fcck. Es gab das Angebot einen Filmabend zu besuchen. Dabei hatte man die Wahl zwischen zwei Filmen. Leider wei\u00df ich die Titel nicht mehr, k\u00f6nnt ihr mir bitte weiterhelfen? W\u00fcrde mich sehr freuen. Dankesch\u00f6n. Alles Gute w\u00fcnscht Nele\n\t\t\t\t\t<\/div>\n\t\t\t<\/div>\n\t\t\t<div class=\"gb-entry gb-entry_50 gb-entry-count_5 gwolle_gb_uneven gwolle-gb-uneven\">\n\t\t\t\t\t<div class=\"gb-author-info\">\n\t\t\t\t\t\t<span class=\"gb-author-name\">Sabine\n\t\t\t\t\t\t<\/span>\n\t\t\t\t\t\t<span class=\"gb-author-origin\">\n\t\t\t\t\t\t\t<span class=\"gb-author-origin-from-text\"> aus<\/span>\n\t\t\t\t\t\t\t<span class=\"gb-author-origin-text\"> Neutrauchburg<\/span>\n\t\t\t\t\t\t<\/span>\n\t\t\t\t\t\t<span class=\"gb-datetime\">\n\t\t\t\t\t\t\t<span class=\"gb-date\"><span class=\"gb-date-wrote-text\"> schrieb am<\/span><span class=\"gb-date-text\"> 8. Juli 2018<\/span>\n\t\t\t\t\t\t\t<\/span><span class=\"gb-time\">\n\t\t\t\t\t\t\t\t\t<span class=\"gb-time-at-text\"> um<\/span>\n\t\t\t\t\t\t\t\t\t<span class=\"gb-time-text\"> 12:09<\/span>\n\t\t\t\t\t\t\t\t<\/span>\n\t\t\t\t\t\t<\/span> \n\t\t\t\t\t<\/div>\n\t\t\t\t\t<div class=\"gb-entry-content\">Liebes Team vom KKK,\ndieses Wochenende war f\u00fcr mich eine ganz besondere Erfahrung, die mich auf meinem Weg ein ganzes St\u00fcck weitergebracht hat. 11 Jahre versuche ich meinen Weg zu mir zu finden und habe bei allen Therapien und Klinikaufenthalten immer wieder Schritte voraus gemacht. Aber seit heute habe ich das Gef\u00fchl, dass ich auf einem guten Weg bin, Frieden mit mir und meiner Vergangenheit zu finden und daf\u00fcr danke ich euch. Ihr ward ein wundervolles Team und habt mir sehr viel gegeben.Eure Arbeit ist sehr wertvoll. Alles Liebe Sabine\n\t\t\t\t\t<\/div>\n\t\t\t<\/div>\n\t\t\t<div class=\"gb-entry gb-entry_49 gb-entry-count_6 gwolle_gb_even gwolle-gb-even\">\n\t\t\t\t\t<div class=\"gb-author-info\">\n\t\t\t\t\t\t<span class=\"gb-author-name\">Lucia\n\t\t\t\t\t\t<\/span>\n\t\t\t\t\t\t<span class=\"gb-author-origin\">\n\t\t\t\t\t\t\t<span class=\"gb-author-origin-from-text\"> aus<\/span>\n\t\t\t\t\t\t\t<span class=\"gb-author-origin-text\"> \u00d6sterreich<\/span>\n\t\t\t\t\t\t<\/span>\n\t\t\t\t\t\t<span class=\"gb-datetime\">\n\t\t\t\t\t\t\t<span class=\"gb-date\"><span class=\"gb-date-wrote-text\"> schrieb am<\/span><span class=\"gb-date-text\"> 22. Oktober 2017<\/span>\n\t\t\t\t\t\t\t<\/span><span class=\"gb-time\">\n\t\t\t\t\t\t\t\t\t<span class=\"gb-time-at-text\"> um<\/span>\n\t\t\t\t\t\t\t\t\t<span class=\"gb-time-text\"> 16:22<\/span>\n\t\t\t\t\t\t\t\t<\/span>\n\t\t\t\t\t\t<\/span> \n\t\t\t\t\t<\/div>\n\t\t\t\t\t<div class=\"gb-entry-content\">Ich bin Euch zutiefst dankbar und werde Euch nie vergessen! Die Adula Klinik w\u00e4re mir nur halb von Nutzen gewesenen wenn Ihr nicht gewesenen w\u00e4rt! Der Inventurmaraton im August hat das Steuer rumgerissen. Ich hatte eine rettende grundlegend ver\u00e4ndernde Erkenntnis erfahren d\u00fcrfen. Allein schon wie ihr strahlt hilft sich der Realit\u00e4t zu \u00f6ffnen. Danke JOH. WA. WO. IR. CHR... In Dankbarkeit, Lucia\n\t\t\t\t\t<\/div>\n\t\t\t<\/div>\n\t\t\t<div class=\"gb-entry gb-entry_33 gb-entry-count_7 gwolle_gb_uneven gwolle-gb-uneven\">\n\t\t\t\t\t<div class=\"gb-author-info\">\n\t\t\t\t\t\t<span class=\"gb-author-name\">Tanja\n\t\t\t\t\t\t<\/span>\n\t\t\t\t\t\t<span class=\"gb-author-origin\">\n\t\t\t\t\t\t\t<span class=\"gb-author-origin-from-text\"> aus<\/span>\n\t\t\t\t\t\t\t<span class=\"gb-author-origin-text\"> Neutrauchburg<\/span>\n\t\t\t\t\t\t<\/span>\n\t\t\t\t\t\t<span class=\"gb-datetime\">\n\t\t\t\t\t\t\t<span class=\"gb-date\"><span class=\"gb-date-wrote-text\"> schrieb am<\/span><span class=\"gb-date-text\"> 23. Oktober 2016<\/span>\n\t\t\t\t\t\t\t<\/span><span class=\"gb-time\">\n\t\t\t\t\t\t\t\t\t<span class=\"gb-time-at-text\"> um<\/span>\n\t\t\t\t\t\t\t\t\t<span class=\"gb-time-text\"> 13:15<\/span>\n\t\t\t\t\t\t\t\t<\/span>\n\t\t\t\t\t\t<\/span> \n\t\t\t\t\t<\/div>\n\t\t\t\t\t<div class=\"gb-entry-content\">Noch einmal vielen vielen Dank f\u00fcr ein wirklich interessantes, lehrreiches, bewegendes Wochenende in der Alpenblick Klinik; f\u00fcr eure Offenheit u Ehrlichkeit u sensible Unterst\u00fctzung.  20.-22.10.\n\t\t\t\t\t<\/div>\n\t\t\t<\/div>\n\t\t\t<div class=\"gb-entry gb-entry_21 gb-entry-count_8 gwolle_gb_even gwolle-gb-even\">\n\t\t\t\t\t<div class=\"gb-author-info\">\n\t\t\t\t\t\t<span class=\"gb-author-name\">Tina\n\t\t\t\t\t\t<\/span>\n\t\t\t\t\t\t<span class=\"gb-author-origin\">\n\t\t\t\t\t\t\t<span class=\"gb-author-origin-from-text\"> aus<\/span>\n\t\t\t\t\t\t\t<span class=\"gb-author-origin-text\"> M\u00f6nchengladbach<\/span>\n\t\t\t\t\t\t<\/span>\n\t\t\t\t\t\t<span class=\"gb-datetime\">\n\t\t\t\t\t\t\t<span class=\"gb-date\"><span class=\"gb-date-wrote-text\"> schrieb am<\/span><span class=\"gb-date-text\"> 27. Oktober 2015<\/span>\n\t\t\t\t\t\t\t<\/span><span class=\"gb-time\">\n\t\t\t\t\t\t\t\t\t<span class=\"gb-time-at-text\"> um<\/span>\n\t\t\t\t\t\t\t\t\t<span class=\"gb-time-text\"> 18:24<\/span>\n\t\t\t\t\t\t\t\t<\/span>\n\t\t\t\t\t\t<\/span> \n\t\t\t\t\t<\/div>\n\t\t\t\t\t<div class=\"gb-entry-content\">Hallo Ihr wundervollen Menschen, die uns so liebevoll behilflich waren ein weiteres St\u00fcck genesen zu d\u00fcrfen. Adula-Inventur Sept\/Okt.2015. Bin wieder zuhause und trage Euch in meinem Herzen.....besonders den &#034;Pudding&#034; g24h\n\t\t\t\t\t<\/div>\n\t\t\t<\/div>\n\t\t\t<div class=\"gb-entry gb-entry_19 gb-entry-count_9 gwolle_gb_uneven gwolle-gb-uneven\">\n\t\t\t\t\t<div class=\"gb-author-info\">\n\t\t\t\t\t\t<span class=\"gb-author-name\">Anne\n\t\t\t\t\t\t<\/span>\n\t\t\t\t\t\t<span class=\"gb-author-origin\">\n\t\t\t\t\t\t\t<span class=\"gb-author-origin-from-text\"> aus<\/span>\n\t\t\t\t\t\t\t<span class=\"gb-author-origin-text\"> Berlin<\/span>\n\t\t\t\t\t\t<\/span>\n\t\t\t\t\t\t<span class=\"gb-datetime\">\n\t\t\t\t\t\t\t<span class=\"gb-date\"><span class=\"gb-date-wrote-text\"> schrieb am<\/span><span class=\"gb-date-text\"> 10. Oktober 2015<\/span>\n\t\t\t\t\t\t\t<\/span><span class=\"gb-time\">\n\t\t\t\t\t\t\t\t\t<span class=\"gb-time-at-text\"> um<\/span>\n\t\t\t\t\t\t\t\t\t<span class=\"gb-time-text\"> 6:20<\/span>\n\t\t\t\t\t\t\t\t<\/span>\n\t\t\t\t\t\t<\/span> \n\t\t\t\t\t<\/div>\n\t\t\t\t\t<div class=\"gb-entry-content\">Danke f\u00fcr den Inventurmarathon in der Adula am letzten Wochenende. und danke Walter, dass du mich im 5. Schritt begleitet hast. Wieder in freier Wildbahn und im neuen &#034;alten&#034; Leben zur\u00fcck trage ich euch und was ich erfahren durfte in meinem Herzen und gie\u00dfe und sch\u00fctze das neue Pfl\u00e4nzchen. Von Herzen DANKE und gute 24H. Anne\n\t\t\t\t\t<\/div>\n\t\t\t<\/div>\n\t\t\t<div class=\"gb-entry gb-entry_9 gb-entry-count_10 gwolle_gb_even gwolle-gb-even\">\n\t\t\t\t\t<div class=\"gb-author-info\">\n\t\t\t\t\t\t<span class=\"gb-author-name\">Andrea\n\t\t\t\t\t\t<\/span>\n\t\t\t\t\t\t<span class=\"gb-author-origin\">\n\t\t\t\t\t\t\t<span class=\"gb-author-origin-from-text\"> aus<\/span>\n\t\t\t\t\t\t\t<span class=\"gb-author-origin-text\"> M\u00fcnster<\/span>\n\t\t\t\t\t\t<\/span>\n\t\t\t\t\t\t<span class=\"gb-datetime\">\n\t\t\t\t\t\t\t<span class=\"gb-date\"><span class=\"gb-date-wrote-text\"> schrieb am<\/span><span class=\"gb-date-text\"> 4. Dezember 2014<\/span>\n\t\t\t\t\t\t\t<\/span><span class=\"gb-time\">\n\t\t\t\t\t\t\t\t\t<span class=\"gb-time-at-text\"> um<\/span>\n\t\t\t\t\t\t\t\t\t<span class=\"gb-time-text\"> 8:19<\/span>\n\t\t\t\t\t\t\t\t<\/span>\n\t\t\t\t\t\t<\/span> \n\t\t\t\t\t<\/div>\n\t\t\t\t\t<div class=\"gb-entry-content\">Mein lieben Freundinnen und Freunde! Ich w\u00fcnsche Euch von ganzem Herzen eine gesegnete Adventszeit!\n\t\t\t\t\t<\/div>\n\t\t\t<\/div>\n\t\t\t<div class=\"gb-entry gb-entry_7 gb-entry-count_11 gwolle_gb_uneven gwolle-gb-uneven\">\n\t\t\t\t\t<div class=\"gb-author-info\">\n\t\t\t\t\t\t<span class=\"gb-author-name\">Andrea\n\t\t\t\t\t\t<\/span>\n\t\t\t\t\t\t<span class=\"gb-author-origin\">\n\t\t\t\t\t\t\t<span class=\"gb-author-origin-from-text\"> aus<\/span>\n\t\t\t\t\t\t\t<span class=\"gb-author-origin-text\"> aus M\u00fcnster<\/span>\n\t\t\t\t\t\t<\/span>\n\t\t\t\t\t\t<span class=\"gb-datetime\">\n\t\t\t\t\t\t\t<span class=\"gb-date\"><span class=\"gb-date-wrote-text\"> schrieb am<\/span><span class=\"gb-date-text\"> 25. Oktober 2014<\/span>\n\t\t\t\t\t\t\t<\/span><span class=\"gb-time\">\n\t\t\t\t\t\t\t\t\t<span class=\"gb-time-at-text\"> um<\/span>\n\t\t\t\t\t\t\t\t\t<span class=\"gb-time-text\"> 6:13<\/span>\n\t\t\t\t\t\t\t\t<\/span>\n\t\t\t\t\t\t<\/span> \n\t\t\t\t\t<\/div>\n\t\t\t\t\t<div class=\"gb-entry-content\">Ihr Lieben, das war eine sch\u00f6ne Jubil\u00e4umsfeier und eine ertragreiche Vollversammlung \ud83d\ude09 Ich danke f\u00fcr die Aufnahme bei Euch, freue mich sehr auf den gemeinsamen Dienst und bin voller Dankbarkeit daf\u00fcr, dass es Euch gibt!! g24h aus Westfalen\n\t\t\t\t\t<\/div>\n\t\t\t<\/div>\n\t\t\t<div class=\"gb-entry gb-entry_6 gb-entry-count_12 gwolle_gb_even gwolle-gb-even\">\n\t\t\t\t\t<div class=\"gb-author-info\">\n\t\t\t\t\t\t<span class=\"gb-author-name\">walter\n\t\t\t\t\t\t<\/span>\n\t\t\t\t\t\t<span class=\"gb-author-origin\">\n\t\t\t\t\t\t\t<span class=\"gb-author-origin-from-text\"> aus<\/span>\n\t\t\t\t\t\t\t<span class=\"gb-author-origin-text\"> Pfronten<\/span>\n\t\t\t\t\t\t<\/span>\n\t\t\t\t\t\t<span class=\"gb-datetime\">\n\t\t\t\t\t\t\t<span class=\"gb-date\"><span class=\"gb-date-wrote-text\"> schrieb am<\/span><span class=\"gb-date-text\"> 19. Oktober 2014<\/span>\n\t\t\t\t\t\t\t<\/span><span class=\"gb-time\">\n\t\t\t\t\t\t\t\t\t<span class=\"gb-time-at-text\"> um<\/span>\n\t\t\t\t\t\t\t\t\t<span class=\"gb-time-text\"> 17:19<\/span>\n\t\t\t\t\t\t\t\t<\/span>\n\t\t\t\t\t\t<\/span> \n\t\t\t\t\t<\/div>\n\t\t\t\t\t<div class=\"gb-entry-content\">Schon das unsere Vollversammlung so harmonisch und gelassen war.\r\nh freue mich auf unsere Zukunft!!!ic\n\t\t\t\t\t<\/div>\n\t\t\t<\/div>\n\t\t\t<div class=\"gb-entry gb-entry_5 gb-entry-count_13 gwolle_gb_uneven gwolle-gb-uneven\">\n\t\t\t\t\t<div class=\"gb-author-info\">\n\t\t\t\t\t\t<span class=\"gb-author-name\"><a href=\"http:\/\/www.trabajador.de.tl\" target=\"_blank\" rel=\"nofollow noopener noreferrer\"\n\t\t\t\t\t\t\ttitle=\"Besuche die Website von Anton: http:\/\/www.trabajador.de.tl\">Anton<\/a>\n\t\t\t\t\t\t<\/span>\n\t\t\t\t\t\t<span class=\"gb-author-origin\">\n\t\t\t\t\t\t\t<span class=\"gb-author-origin-from-text\"> aus<\/span>\n\t\t\t\t\t\t\t<span class=\"gb-author-origin-text\"> Chiemgau<\/span>\n\t\t\t\t\t\t<\/span>\n\t\t\t\t\t\t<span class=\"gb-datetime\">\n\t\t\t\t\t\t\t<span class=\"gb-date\"><span class=\"gb-date-wrote-text\"> schrieb am<\/span><span class=\"gb-date-text\"> 15. Oktober 2014<\/span>\n\t\t\t\t\t\t\t<\/span><span class=\"gb-time\">\n\t\t\t\t\t\t\t\t\t<span class=\"gb-time-at-text\"> um<\/span>\n\t\t\t\t\t\t\t\t\t<span class=\"gb-time-text\"> 11:48<\/span>\n\t\t\t\t\t\t\t\t<\/span>\n\t\t\t\t\t\t<\/span> \n\t\t\t\t\t<\/div>\n\t\t\t\t\t<div class=\"gb-entry-content\">Hallo Freunde,\r\nsch\u00f6n, dass es euch gibt und ihr die Zeit aufbringt die Botschaft von unserem Genesungsprogramm weiter gebt.\r\n\r\nGute 24 Stunden\r\n\r\nAnton,Alkoholiker aus Nu\u00dfdorf\/Chiemgau\r\n\r\nPS.: am 06.10.2014 war ich 9000 Tage trocken\n\t\t\t\t\t<\/div>\n\t\t\t<\/div>\n\t\t\t<\/div><\/div><\/em><\/p>\n","protected":false},"excerpt":{"rendered":"","protected":false},"author":1,"featured_media":0,"parent":0,"menu_order":0,"comment_status":"closed","ping_status":"closed","template":"","meta":{"saved_in_kubio":false,"footnotes":""},"class_list":["post-107","page","type-page","status-publish","hentry"],"kubio_ai_page_context":{"short_desc":"","purpose":"general"},"_links":{"self":[{"href":"https:\/\/kkk-info.de\/index.php?rest_route=\/wp\/v2\/pages\/107","targetHints":{"allow":["GET"]}}],"collection":[{"href":"https:\/\/kkk-info.de\/index.php?rest_route=\/wp\/v2\/pages"}],"about":[{"href":"https:\/\/kkk-info.de\/index.php?rest_route=\/wp\/v2\/types\/page"}],"author":[{"embeddable":true,"href":"https:\/\/kkk-info.de\/index.php?rest_route=\/wp\/v2\/users\/1"}],"replies":[{"embeddable":true,"href":"https:\/\/kkk-info.de\/index.php?rest_route=%2Fwp%2Fv2%2Fcomments&post=107"}],"version-history":[{"count":1,"href":"https:\/\/kkk-info.de\/index.php?rest_route=\/wp\/v2\/pages\/107\/revisions"}],"predecessor-version":[{"id":108,"href":"https:\/\/kkk-info.de\/index.php?rest_route=\/wp\/v2\/pages\/107\/revisions\/108"}],"wp:attachment":[{"href":"https:\/\/kkk-info.de\/index.php?rest_route=%2Fwp%2Fv2%2Fmedia&parent=107"}],"curies":[{"name":"wp","href":"https:\/\/api.w.org\/{rel}","templated":true}]}}